{"id":6,"date":"2016-04-28T15:23:39","date_gmt":"2016-04-28T19:23:39","guid":{"rendered":"http:\/\/www.miidescaune.ro\/blog\/?page_id=6"},"modified":"2016-09-05T15:22:40","modified_gmt":"2016-09-05T19:22:40","slug":"desprenoi","status":"publish","type":"page","link":"https:\/\/www.miidescaune.ro\/blog\/desprenoi\/","title":{"rendered":"Despre Mii de scaune"},"content":{"rendered":"<p>Bine ai venit la noi! Te invit\u0103m s\u0103 iei un loc (alege-l pe care dore\u0219ti, toate sunt confortabile) \u0219i s\u0103 ne cuno\u0219ti povestea.<\/p>\n<p>Totul a \u00eenceput \u00een anul 2011 c\u00e2nd ne-am a\u0219ezat pe primele noastre scaune, \u00een jurul unei mese, \u0219i am pus cap la cap toate ideile. De sub mas\u0103 p\u00e2ndea criza financiar\u0103, dar nu a reu\u0219it s\u0103 ne fure\u00a0locul pe care aveam s\u0103-l c\u00e2\u0219tig\u0103m pe pia\u021b\u0103.<\/p>\n<p>Iar acest lucru se datoreaz\u0103 faptului c\u0103 \u00eempreun\u0103 cu cei ca tine care ne-au c\u0103lcat pragul am reu\u0219it s\u0103 form\u0103m o echip\u0103. Ascult\u0103m cu aten\u021bie dorin\u021bele clien\u021bilor no\u0219tri, le oferim recomand\u0103ri atunci c\u00e2nd au nevoie \u0219i, bine\u00een\u021beles, scaune, mese, fotolii inedite \u0219i de calitate.<\/p>\n<p>Putem s\u0103 ne m\u00e2ndrim c\u0103 suntem printre pu\u021binii care execut\u0103 <strong>scaune \u0219i mese la comand\u0103<\/strong>, \u00een sute de nuan\u021be \u0219i vopsele sau chiar \u00een culoarea mostrei pe care o aduci de acas\u0103. A\u0219adar, pentru c\u0103 lucr\u0103m cu numero\u0219i produc\u0103tori de scaune, lacuri, vopsele \u0219i produc\u0103tori de tapi\u021berii, \u00ee\u021bi oferim<strong> scaune de buc\u0103t\u0103rie, scaune de teras\u0103\/ restaurant \u0219i scaune de birou exact a\u0219a cum le dore\u0219ti<\/strong>.<\/p>\n<p>&nbsp;<\/p>\n<p>A\u0219a se face c\u0103, dup\u0103 doar 5 ani, am ajuns la un stoc continuu de mii de scaune, \u00een <a href=\"http:\/\/www.miidescaune.ro\/\" target=\"_blank\">showroom-ul online<\/a> \u0219i offline, unde te invit\u0103m s\u0103 le alegi pe cele care \u021bi se potrivesc\u00a0sau s\u0103 le cre\u0103m \u00eempreun\u0103.<\/p>\n<p>Dar povestea ta? Cum vrei s\u0103 fie scaunul pe care dore\u0219ti s\u0103 te a\u0219ezi \u0219i s\u0103 o spui celor dragi?<\/p>\n<p>&nbsp;<\/p>\n<p><script>\/\/ <![CDATA[\n  (function(i,s,o,g,r,a,m){i['GoogleAnalyticsObject']=r;i[r]=i[r]||function(){\n  (i[r].q=i[r].q||[]).push(arguments)},i[r].l=1*new Date();a=s.createElement(o),\n  m=s.getElementsByTagName(o)[0];a.async=1;a.src=g;m.parentNode.insertBefore(a,m)\n  })(window,document,'script','https:\/\/www.google-analytics.com\/analytics.js','ga');\n\n  ga('create', 'UA-82728600-1', 'auto');\n  ga('send', 'pageview');\n\n\/\/ ]]><\/script><\/p>\n","protected":false},"excerpt":{"rendered":"<p>Bine ai venit la noi! Te invit\u0103m s\u0103 iei un loc (alege-l pe care dore\u0219ti, toate sunt confortabile) \u0219i s\u0103 ne cuno\u0219ti povestea. Totul a \u00eenceput \u00een anul&#8230;<\/p>\n","protected":false},"author":1,"featured_media":21,"parent":0,"menu_order":0,"comment_status":"open","ping_status":"open","template":"","meta":{"footnotes":""},"class_list":["post-6","page","type-page","status-publish","has-post-thumbnail","hentry"],"_links":{"self":[{"href":"https:\/\/www.miidescaune.ro\/blog\/wp-json\/wp\/v2\/pages\/6","targetHints":{"allow":["GET"]}}],"collection":[{"href":"https:\/\/www.miidescaune.ro\/blog\/wp-json\/wp\/v2\/pages"}],"about":[{"href":"https:\/\/www.miidescaune.ro\/blog\/wp-json\/wp\/v2\/types\/page"}],"author":[{"embeddable":true,"href":"https:\/\/www.miidescaune.ro\/blog\/wp-json\/wp\/v2\/users\/1"}],"replies":[{"embeddable":true,"href":"https:\/\/www.miidescaune.ro\/blog\/wp-json\/wp\/v2\/comments?post=6"}],"version-history":[{"count":12,"href":"https:\/\/www.miidescaune.ro\/blog\/wp-json\/wp\/v2\/pages\/6\/revisions"}],"predecessor-version":[{"id":152,"href":"https:\/\/www.miidescaune.ro\/blog\/wp-json\/wp\/v2\/pages\/6\/revisions\/152"}],"wp:featuredmedia":[{"embeddable":true,"href":"https:\/\/www.miidescaune.ro\/blog\/wp-json\/wp\/v2\/media\/21"}],"wp:attachment":[{"href":"https:\/\/www.miidescaune.ro\/blog\/wp-json\/wp\/v2\/media?parent=6"}],"curies":[{"name":"wp","href":"https:\/\/api.w.org\/{rel}","templated":true}]}}